{"id":4852,"date":"2022-11-07T13:00:00","date_gmt":"2022-11-07T12:00:00","guid":{"rendered":"http:\/\/wp.hardtmeute.de\/?page_id=4852"},"modified":"2026-03-08T13:48:27","modified_gmt":"2026-03-08T12:48:27","slug":"termine","status":"publish","type":"page","link":"http:\/\/wp.hardtmeute.de\/?page_id=4852","title":{"rendered":"Termine"},"content":{"rendered":"\n<p class=\"has-text-align-left\">Wir freuen uns die bisher best\u00e4tigten Termine ver\u00f6ffentlichen zu k\u00f6nnen.<br>Bei allen Fragen zur Termingestaltung wenden sie sich bitte an unseren Master <br>Andrea Wiehn unter master(at)hardtmeute.de.<br>F\u00fcr Fragen zu den Veranstaltungen wenden Sie sich bitte an die in den Einladungen genannten Ansprechpartner. <\/p>\n\n\n\n<!--more-->\n\n\n\n<p>Die Einladungen zu den Veranstaltungen finden sie entweder auf unserer Homepage oder auf Facebook.  <\/p>\n\n\n\n<p><span style=\"text-decoration: underline;\">TERMINE  202<\/span>6<br>Einladungen werden sobald verf\u00fcgbar ver\u00f6ffentlicht.<\/p>\n\n\n\n<figure class=\"wp-block-table is-style-stripes\"><table><tbody><tr><td>28.03.2026<\/td><td>Hundetraining in Marbach (Anmeldung n\u00f6tig)<\/td><td><\/td><\/tr><tr><td>29.03.2026<\/td><td><a href=\"https:\/\/wp.hardtmeute.de\/?p=5955\">Fr\u00fchjahrsjagd, HuL Marbach<\/a><\/td><td><\/td><\/tr><tr><td>24-26.04.26<\/td><td><a href=\"https:\/\/wp.hardtmeute.de\/?p=5945\" data-type=\"link\" data-id=\"https:\/\/wp.hardtmeute.de\/?p=5945\">Jagdreiterlehrgang, HuL Marbach<\/a><\/td><td><\/td><\/tr><tr><td>26.04.2026<\/td><td><a href=\"https:\/\/wp.hardtmeute.de\/?p=5945\">Fr\u00fchjahrsjagd HuL Marbach<\/a><\/td><td><\/td><\/tr><tr><td>20.06.2026<\/td><td>Nussdorf Gel\u00e4ndetraining<\/td><td><\/td><\/tr><\/tbody><\/table><\/figure>\n\n\n\n<h2 class=\"wp-block-heading\">Herbsttermine 2026<\/h2>\n\n\n\n<figure class=\"wp-block-table is-style-stripes has-small-font-size\"><table><thead><tr><th>Datum<\/th><th>Ort<\/th><\/tr><\/thead><tbody><tr><td>12.09.2026<\/td><td>Er\u00f6ffnungsjagd St. Johann<\/td><\/tr><tr><td>20.09.2026<\/td><td>Schwalbach<\/td><\/tr><tr><td>03.10.2026<\/td><td>Zeiskam<\/td><\/tr><tr><td>10.-11.10.2026<\/td><td>Herbstjagd HuL Marbach<\/td><\/tr><tr><td>24.10.2025<\/td><td>Ellwangen Geburtstagsjagd<\/td><\/tr><tr><td>01.11.2025<\/td><td>Friedrichsruhe<\/td><\/tr><tr><td>14 oder 15.11.2025<\/td><td>Krautheim<\/td><\/tr><\/tbody><\/table><figcaption class=\"wp-element-caption\">Alle Termine unter Vorbehalt<\/figcaption><\/figure>\n\n\n\n<p><\/p>\n\n\n\n<p><\/p>\n","protected":false},"excerpt":{"rendered":"<p>Wir freuen uns die bisher best\u00e4tigten Termine ver\u00f6ffentlichen zu k\u00f6nnen.Bei allen Fragen zur Termingestaltung wenden sie sich bitte an unseren Master Andrea Wiehn unter master(at)hardtmeute.de.F\u00fcr Fragen zu den Veranstaltungen wenden Sie sich bitte an die in den Einladungen genannten Ansprechpartner. &hellip; <a href=\"http:\/\/wp.hardtmeute.de\/?page_id=4852\">Weiterlesen <span class=\"meta-nav\">&rarr;<\/span><\/a><\/p>\n","protected":false},"author":6,"featured_media":0,"parent":0,"menu_order":0,"comment_status":"closed","ping_status":"closed","template":"","meta":{"footnotes":""},"class_list":["post-4852","page","type-page","status-publish","hentry"],"_links":{"self":[{"href":"http:\/\/wp.hardtmeute.de\/index.php?rest_route=\/wp\/v2\/pages\/4852","targetHints":{"allow":["GET"]}}],"collection":[{"href":"http:\/\/wp.hardtmeute.de\/index.php?rest_route=\/wp\/v2\/pages"}],"about":[{"href":"http:\/\/wp.hardtmeute.de\/index.php?rest_route=\/wp\/v2\/types\/page"}],"author":[{"embeddable":true,"href":"http:\/\/wp.hardtmeute.de\/index.php?rest_route=\/wp\/v2\/users\/6"}],"replies":[{"embeddable":true,"href":"http:\/\/wp.hardtmeute.de\/index.php?rest_route=%2Fwp%2Fv2%2Fcomments&post=4852"}],"version-history":[{"count":85,"href":"http:\/\/wp.hardtmeute.de\/index.php?rest_route=\/wp\/v2\/pages\/4852\/revisions"}],"predecessor-version":[{"id":5957,"href":"http:\/\/wp.hardtmeute.de\/index.php?rest_route=\/wp\/v2\/pages\/4852\/revisions\/5957"}],"wp:attachment":[{"href":"http:\/\/wp.hardtmeute.de\/index.php?rest_route=%2Fwp%2Fv2%2Fmedia&parent=4852"}],"curies":[{"name":"wp","href":"https:\/\/api.w.org\/{rel}","templated":true}]}}