{"id":74,"date":"2016-01-01T12:36:35","date_gmt":"2016-01-01T11:36:35","guid":{"rendered":"http:\/\/wp.hardtmeute.de\/?page_id=74"},"modified":"2021-11-15T09:39:56","modified_gmt":"2021-11-15T08:39:56","slug":"meute","status":"publish","type":"page","link":"https:\/\/wp.hardtmeute.de\/?page_id=74","title":{"rendered":"Meute"},"content":{"rendered":"<div id=\"box1\">\n<p><strong>Die Hardt-Meute jagt auf Trittsiegel spurtreu, spurlaut, schnell und wildsicher.<\/strong><\/p>\n<p>Der Badische Schleppjagdverein geh\u00f6rt zu den 21 Mitgliedsmeuten der Deutschen Schleppjagdvereinigung im Deutschen Reiter- und Fahrer-Verband e.V. (DRFV).<\/p>\n<p>Die Hardtmeute des Badischen Schleppjagdvereins besteht aus bis zu 35 bis 40 franz\u00f6sischen Laufhunden der Rasse <a href=\"http:\/\/wp.hardtmeute.de\/?p=287\">Grand Anglo Francais<\/a>. Seit 1980 jagt der Badische Schleppjagdverein mit den \u201egro\u00dfen Franzosen\u201c.<br \/>\nDer Grand Anglo Francais ist der meist gez\u00fcchtete Meutehund in Frankreich. Es gibt ihn in drei verschiedenen Farbkombinationen: drei- farbig (schwarz, orange (braun) und wei\u00df), wei\u00df\/schwarz und wei\u00df\/orange. Mit einer Widerristh\u00f6he von bis zu 70 cm geh\u00f6ren sie zu den gro\u00dfen Meutehunden in Deutschland.<br \/>\n1981 hat Master Gerd M. Klapschus die Verantwortung f\u00fcr die Meute \u00fcbernommen. Der Master und die Pik\u00f6re, die ihn unterst\u00fctzen , haben die Aufgabe die Hunde zu f\u00fchren, zusammenzuhalten und auf die richtige Spur zu bringen. Da in Deutschland zu Pferd keine lebenden Tiere gejagt werden, folgen die Hunde der Spur eines vorauslaufenden Pferdes. Die\u00a0gro\u00dfen Anglo -Franzosen sind leidenschaftliche J\u00e4ger. Sie haben einen sehr guten Geruchssinn und brauchen keine k\u00fcnstlichen Duftstoffe, um einer Schleppe folgen zu k\u00f6nnen. Die Hunde der Hardtmeute jagen spurtreu, spurlaut und schnell auf das Trittsiegel (Hufspur) des schleppelegenden Pferdes. Am Ende der Jagd erhalten die Hunde ihr wohlverdientes Curee.<br \/>\nDas Jahr \u00fcber sind die Hunde im Kennel in Dunzweiler in Rheinland-Pfalz\u00a0auf einem gro\u00dfen Gel\u00e4nde mit viel Auslauf untergebracht, auf dem sie sich den ganzen Tag austoben k\u00f6nnen. Master Gerd Klapschus h\u00e4lt die Meute auf dem Leistungsniveau f\u00fcr das die Hardtmeute unter Jagdreitern bekannt ist.<\/p>\n<p>Geht es auf die Jagd, freuen die Hunde sich und k\u00f6nnen es mit aufforderndem Gebell kaum erwarten bis es losgeht. Die Namensgebung erfolgt analog franz\u00f6sischem Brauch.<\/p>\n<\/div>\n<div id=\"box2\">\n<p>Die \u201egro\u00dfen Franzosen\u201c sind liebenswerte Hunde, die ihr freundliches Wesen gegen\u00fcber Mensch und anderen Tieren, vor allem auch anderen Hunden auszeichnet.<\/p>\n<p>Hier ein Filmbericht des SWR von der Fr\u00fchjahrsjagd in Marbach 2014<\/p>\n<div style=\"width: 584px;\" class=\"wp-video\"><!--[if lt IE 9]><script>document.createElement('video');<\/script><![endif]-->\n<video class=\"wp-video-shortcode\" id=\"video-74-1\" width=\"584\" height=\"329\" preload=\"metadata\" controls=\"controls\"><source type=\"video\/mp4\" src=\"http:\/\/wp.hardtmeute.de\/wp-content\/uploads\/2016\/04\/SWR-Marbach-FJ-Jagd.m.mp4?_=1\" \/><a href=\"http:\/\/wp.hardtmeute.de\/wp-content\/uploads\/2016\/04\/SWR-Marbach-FJ-Jagd.m.mp4\">http:\/\/wp.hardtmeute.de\/wp-content\/uploads\/2016\/04\/SWR-Marbach-FJ-Jagd.m.mp4<\/a><\/video><\/div>\n<h1><\/h1>\n<h1><\/h1>\n<h1>Patenschaft<\/h1>\n<p>Wenn Sie die Hunde der Hardt Meute unterst\u00fctzen m\u00f6chten, k\u00f6nnen Sie eine Patenschaft eingehen.<\/p>\n<p>Hier weitere Informationen zur <a href=\"http:\/\/wp.hardtmeute.de\/?p=410\">Patenschaft.<\/a><\/p>\n<\/div>\n","protected":false},"excerpt":{"rendered":"<p>Die Hardt-Meute jagt auf Trittsiegel spurtreu, spurlaut, schnell und wildsicher. Der Badische Schleppjagdverein geh\u00f6rt zu den 21 Mitgliedsmeuten der Deutschen Schleppjagdvereinigung im Deutschen Reiter- und Fahrer-Verband e.V. (DRFV). Die Hardtmeute des Badischen Schleppjagdvereins besteht aus bis zu 35 bis 40 &hellip; <a href=\"https:\/\/wp.hardtmeute.de\/?page_id=74\">Weiterlesen <span class=\"meta-nav\">&rarr;<\/span><\/a><\/p>\n","protected":false},"author":1,"featured_media":0,"parent":69,"menu_order":0,"comment_status":"closed","ping_status":"closed","template":"","meta":{"footnotes":""},"class_list":["post-74","page","type-page","status-publish","hentry"],"_links":{"self":[{"href":"https:\/\/wp.hardtmeute.de\/index.php?rest_route=\/wp\/v2\/pages\/74","targetHints":{"allow":["GET"]}}],"collection":[{"href":"https:\/\/wp.hardtmeute.de\/index.php?rest_route=\/wp\/v2\/pages"}],"about":[{"href":"https:\/\/wp.hardtmeute.de\/index.php?rest_route=\/wp\/v2\/types\/page"}],"author":[{"embeddable":true,"href":"https:\/\/wp.hardtmeute.de\/index.php?rest_route=\/wp\/v2\/users\/1"}],"replies":[{"embeddable":true,"href":"https:\/\/wp.hardtmeute.de\/index.php?rest_route=%2Fwp%2Fv2%2Fcomments&post=74"}],"version-history":[{"count":10,"href":"https:\/\/wp.hardtmeute.de\/index.php?rest_route=\/wp\/v2\/pages\/74\/revisions"}],"predecessor-version":[{"id":5164,"href":"https:\/\/wp.hardtmeute.de\/index.php?rest_route=\/wp\/v2\/pages\/74\/revisions\/5164"}],"up":[{"embeddable":true,"href":"https:\/\/wp.hardtmeute.de\/index.php?rest_route=\/wp\/v2\/pages\/69"}],"wp:attachment":[{"href":"https:\/\/wp.hardtmeute.de\/index.php?rest_route=%2Fwp%2Fv2%2Fmedia&parent=74"}],"curies":[{"name":"wp","href":"https:\/\/api.w.org\/{rel}","templated":true}]}}